{"id":1309,"date":"2024-06-13T14:22:20","date_gmt":"2024-06-13T11:22:20","guid":{"rendered":"https:\/\/boutique-invest.com\/?page_id=1309"},"modified":"2024-11-29T17:54:05","modified_gmt":"2024-11-29T14:54:05","slug":"place-a-projects","status":"publish","type":"page","link":"https:\/\/boutique-invest.com\/pl\/place-a-projects\/","title":{"rendered":"Z\u0142\u00f3\u017c project"},"content":{"rendered":"","protected":false},"excerpt":{"rendered":"","protected":false},"author":1,"featured_media":0,"parent":0,"menu_order":0,"comment_status":"closed","ping_status":"closed","template":"about-us.php","meta":{"footnotes":""},"class_list":["post-1309","page","type-page","status-publish","hentry"],"acf":[],"_links":{"self":[{"href":"https:\/\/boutique-invest.com\/pl\/wp-json\/wp\/v2\/pages\/1309","targetHints":{"allow":["GET"]}}],"collection":[{"href":"https:\/\/boutique-invest.com\/pl\/wp-json\/wp\/v2\/pages"}],"about":[{"href":"https:\/\/boutique-invest.com\/pl\/wp-json\/wp\/v2\/types\/page"}],"author":[{"embeddable":true,"href":"https:\/\/boutique-invest.com\/pl\/wp-json\/wp\/v2\/users\/1"}],"replies":[{"embeddable":true,"href":"https:\/\/boutique-invest.com\/pl\/wp-json\/wp\/v2\/comments?post=1309"}],"version-history":[{"count":4,"href":"https:\/\/boutique-invest.com\/pl\/wp-json\/wp\/v2\/pages\/1309\/revisions"}],"predecessor-version":[{"id":4077,"href":"https:\/\/boutique-invest.com\/pl\/wp-json\/wp\/v2\/pages\/1309\/revisions\/4077"}],"wp:attachment":[{"href":"https:\/\/boutique-invest.com\/pl\/wp-json\/wp\/v2\/media?parent=1309"}],"curies":[{"name":"wp","href":"https:\/\/api.w.org\/{rel}","templated":true}]}}